{"id":8056,"date":"2021-10-27T03:39:52","date_gmt":"2021-10-27T02:39:52","guid":{"rendered":"https:\/\/www.agencijaspin.si\/izdelek\/virtual-meeting-2\/"},"modified":"2021-10-27T03:39:52","modified_gmt":"2021-10-27T02:39:52","slug":"virtual-meeting-2","status":"publish","type":"product","link":"https:\/\/www.agencijaspin.si\/en\/izdelek\/virtual-meeting-2\/","title":{"rendered":"Virtual meeting"},"content":{"rendered":"<p>Potrebujete informacije o delovnih dovoljenjih, o tem kako prodreti na slovenski trg\u2026itd. Pa ste predale\u010d, ali pa vam ne uspe priti na sestanek? Ponujamo mo\u017enost sestanka, ki ga opravimo kar virtualno. To pomeni, da za sestanek potrebujete samo ra\u010dunalnik, kamero in internetno povezavo.<\/p>\n<h5>Kako?<\/h5>\n<p>Prijavite se za virtualni sestanek, v roku 24 ur prejmete odgovor in mo\u017een termin na\u0161ega svetovalca. Skupaj uskladite \u010das in datum termina. Pla\u010date predra\u010dun in ob dogovorjeni uri vas pokli\u010de va\u0161 svetovalec.<\/p>\n<h5>Prednosti virtualnega sestanka:<\/h5>\n<ul>\n<li>Hitro in enostavno do \u017eeljenih informacij<\/li>\n<li>Prihranite stro\u0161ke in \u010das potovanja<\/li>\n<li>Sestanek lahko opravite od doma, iz pisarne\u2026 itd.<\/li>\n<\/ul>\n<p>\u010ce si \u017eelite rezervirati svoj termin, prosimo izpolnite obrazec ali nam po\u0161ljite povpra\u0161evanje na\u00a0<a href=\"mailto:prodaja@agencijaspin.si\">prodaja@agencijaspin.si<\/a><\/p>\n","protected":false},"excerpt":{"rendered":"<p>Naro\u010dite se danes!<\/p>\n","protected":false},"featured_media":4860,"template":"","meta":[],"product_cat":[158],"product_tag":[],"class_list":{"0":"post-8056","1":"product","2":"type-product","3":"status-publish","4":"has-post-thumbnail","6":"product_cat-nekategorizirano-en","8":"first","9":"instock","10":"virtual","11":"purchasable","12":"product-type-simple"},"yoast_head":"<!-- This site is optimized with the Yoast SEO plugin v22.5 - https:\/\/yoast.com\/wordpress\/plugins\/seo\/ -->\n<title>Virtual meeting - Agencija Spin<\/title>\n<meta name=\"robots\" content=\"index, follow, max-snippet:-1, max-image-preview:large, max-video-preview:-1\" \/>\n<link rel=\"canonical\" href=\"https:\/\/www.agencijaspin.si\/en\/izdelek\/virtual-meeting-2\/\" \/>\n<meta property=\"og:locale\" content=\"en_US\" \/>\n<meta property=\"og:type\" content=\"article\" \/>\n<meta property=\"og:title\" content=\"Virtual meeting - Agencija Spin\" \/>\n<meta property=\"og:description\" content=\"Naro\u010dite se danes!\" \/>\n<meta property=\"og:url\" content=\"https:\/\/www.agencijaspin.si\/en\/izdelek\/virtual-meeting-2\/\" \/>\n<meta property=\"og:site_name\" content=\"Agencija Spin\" \/>\n<meta property=\"article:publisher\" content=\"https:\/\/www.facebook.com\/spinagencija\" \/>\n<meta property=\"og:image\" content=\"https:\/\/www.agencijaspin.si\/wp-content\/uploads\/2021\/10\/virtualni-sestanek-slika-izdelka-scaled.jpg\" \/>\n\t<meta property=\"og:image:width\" content=\"2560\" \/>\n\t<meta property=\"og:image:height\" content=\"1710\" \/>\n\t<meta property=\"og:image:type\" content=\"image\/jpeg\" \/>\n<meta name=\"twitter:card\" content=\"summary_large_image\" \/>\n<meta name=\"twitter:label1\" content=\"Est. reading time\" \/>\n\t<meta name=\"twitter:data1\" content=\"1 minute\" \/>\n<script type=\"application\/ld+json\" class=\"yoast-schema-graph\">{\"@context\":\"https:\/\/schema.org\",\"@graph\":[{\"@type\":\"WebPage\",\"@id\":\"https:\/\/www.agencijaspin.si\/en\/izdelek\/virtual-meeting-2\/\",\"url\":\"https:\/\/www.agencijaspin.si\/en\/izdelek\/virtual-meeting-2\/\",\"name\":\"Virtual meeting - Agencija Spin\",\"isPartOf\":{\"@id\":\"https:\/\/www.agencijaspin.si\/#website\"},\"primaryImageOfPage\":{\"@id\":\"https:\/\/www.agencijaspin.si\/en\/izdelek\/virtual-meeting-2\/#primaryimage\"},\"image\":{\"@id\":\"https:\/\/www.agencijaspin.si\/en\/izdelek\/virtual-meeting-2\/#primaryimage\"},\"thumbnailUrl\":\"https:\/\/www.agencijaspin.si\/wp-content\/uploads\/2021\/10\/virtualni-sestanek-slika-izdelka-scaled.jpg\",\"datePublished\":\"2021-10-27T02:39:52+00:00\",\"dateModified\":\"2021-10-27T02:39:52+00:00\",\"breadcrumb\":{\"@id\":\"https:\/\/www.agencijaspin.si\/en\/izdelek\/virtual-meeting-2\/#breadcrumb\"},\"inLanguage\":\"en-US\",\"potentialAction\":[{\"@type\":\"ReadAction\",\"target\":[\"https:\/\/www.agencijaspin.si\/en\/izdelek\/virtual-meeting-2\/\"]}]},{\"@type\":\"ImageObject\",\"inLanguage\":\"en-US\",\"@id\":\"https:\/\/www.agencijaspin.si\/en\/izdelek\/virtual-meeting-2\/#primaryimage\",\"url\":\"https:\/\/www.agencijaspin.si\/wp-content\/uploads\/2021\/10\/virtualni-sestanek-slika-izdelka-scaled.jpg\",\"contentUrl\":\"https:\/\/www.agencijaspin.si\/wp-content\/uploads\/2021\/10\/virtualni-sestanek-slika-izdelka-scaled.jpg\",\"width\":2560,\"height\":1710,\"caption\":\"Virtual meeting\"},{\"@type\":\"BreadcrumbList\",\"@id\":\"https:\/\/www.agencijaspin.si\/en\/izdelek\/virtual-meeting-2\/#breadcrumb\",\"itemListElement\":[{\"@type\":\"ListItem\",\"position\":1,\"name\":\"Home\",\"item\":\"https:\/\/www.agencijaspin.si\/en\/\"},{\"@type\":\"ListItem\",\"position\":2,\"name\":\"Shop\",\"item\":\"https:\/\/www.agencijaspin.si\/en\/shop\/\"},{\"@type\":\"ListItem\",\"position\":3,\"name\":\"Virtual meeting\"}]},{\"@type\":\"WebSite\",\"@id\":\"https:\/\/www.agencijaspin.si\/#website\",\"url\":\"https:\/\/www.agencijaspin.si\/\",\"name\":\"Agencija Spin\",\"description\":\"Spinning your creativity\",\"publisher\":{\"@id\":\"https:\/\/www.agencijaspin.si\/#organization\"},\"potentialAction\":[{\"@type\":\"SearchAction\",\"target\":{\"@type\":\"EntryPoint\",\"urlTemplate\":\"https:\/\/www.agencijaspin.si\/?s={search_term_string}\"},\"query-input\":\"required name=search_term_string\"}],\"inLanguage\":\"en-US\"},{\"@type\":\"Organization\",\"@id\":\"https:\/\/www.agencijaspin.si\/#organization\",\"name\":\"Agencija Spin\",\"url\":\"https:\/\/www.agencijaspin.si\/\",\"logo\":{\"@type\":\"ImageObject\",\"inLanguage\":\"en-US\",\"@id\":\"https:\/\/www.agencijaspin.si\/#\/schema\/logo\/image\/\",\"url\":\"https:\/\/www.agencijaspin.si\/wp-content\/uploads\/2023\/08\/logo_spin.png\",\"contentUrl\":\"https:\/\/www.agencijaspin.si\/wp-content\/uploads\/2023\/08\/logo_spin.png\",\"width\":171,\"height\":62,\"caption\":\"Agencija Spin\"},\"image\":{\"@id\":\"https:\/\/www.agencijaspin.si\/#\/schema\/logo\/image\/\"},\"sameAs\":[\"https:\/\/www.facebook.com\/spinagencija\"]}]}<\/script>\n<!-- \/ Yoast SEO plugin. -->","yoast_head_json":{"title":"Virtual meeting - Agencija Spin","robots":{"index":"index","follow":"follow","max-snippet":"max-snippet:-1","max-image-preview":"max-image-preview:large","max-video-preview":"max-video-preview:-1"},"canonical":"https:\/\/www.agencijaspin.si\/en\/izdelek\/virtual-meeting-2\/","og_locale":"en_US","og_type":"article","og_title":"Virtual meeting - Agencija Spin","og_description":"Naro\u010dite se danes!","og_url":"https:\/\/www.agencijaspin.si\/en\/izdelek\/virtual-meeting-2\/","og_site_name":"Agencija Spin","article_publisher":"https:\/\/www.facebook.com\/spinagencija","og_image":[{"width":2560,"height":1710,"url":"https:\/\/www.agencijaspin.si\/wp-content\/uploads\/2021\/10\/virtualni-sestanek-slika-izdelka-scaled.jpg","type":"image\/jpeg"}],"twitter_card":"summary_large_image","twitter_misc":{"Est. reading time":"1 minute"},"schema":{"@context":"https:\/\/schema.org","@graph":[{"@type":"WebPage","@id":"https:\/\/www.agencijaspin.si\/en\/izdelek\/virtual-meeting-2\/","url":"https:\/\/www.agencijaspin.si\/en\/izdelek\/virtual-meeting-2\/","name":"Virtual meeting - Agencija Spin","isPartOf":{"@id":"https:\/\/www.agencijaspin.si\/#website"},"primaryImageOfPage":{"@id":"https:\/\/www.agencijaspin.si\/en\/izdelek\/virtual-meeting-2\/#primaryimage"},"image":{"@id":"https:\/\/www.agencijaspin.si\/en\/izdelek\/virtual-meeting-2\/#primaryimage"},"thumbnailUrl":"https:\/\/www.agencijaspin.si\/wp-content\/uploads\/2021\/10\/virtualni-sestanek-slika-izdelka-scaled.jpg","datePublished":"2021-10-27T02:39:52+00:00","dateModified":"2021-10-27T02:39:52+00:00","breadcrumb":{"@id":"https:\/\/www.agencijaspin.si\/en\/izdelek\/virtual-meeting-2\/#breadcrumb"},"inLanguage":"en-US","potentialAction":[{"@type":"ReadAction","target":["https:\/\/www.agencijaspin.si\/en\/izdelek\/virtual-meeting-2\/"]}]},{"@type":"ImageObject","inLanguage":"en-US","@id":"https:\/\/www.agencijaspin.si\/en\/izdelek\/virtual-meeting-2\/#primaryimage","url":"https:\/\/www.agencijaspin.si\/wp-content\/uploads\/2021\/10\/virtualni-sestanek-slika-izdelka-scaled.jpg","contentUrl":"https:\/\/www.agencijaspin.si\/wp-content\/uploads\/2021\/10\/virtualni-sestanek-slika-izdelka-scaled.jpg","width":2560,"height":1710,"caption":"Virtual meeting"},{"@type":"BreadcrumbList","@id":"https:\/\/www.agencijaspin.si\/en\/izdelek\/virtual-meeting-2\/#breadcrumb","itemListElement":[{"@type":"ListItem","position":1,"name":"Home","item":"https:\/\/www.agencijaspin.si\/en\/"},{"@type":"ListItem","position":2,"name":"Shop","item":"https:\/\/www.agencijaspin.si\/en\/shop\/"},{"@type":"ListItem","position":3,"name":"Virtual meeting"}]},{"@type":"WebSite","@id":"https:\/\/www.agencijaspin.si\/#website","url":"https:\/\/www.agencijaspin.si\/","name":"Agencija Spin","description":"Spinning your creativity","publisher":{"@id":"https:\/\/www.agencijaspin.si\/#organization"},"potentialAction":[{"@type":"SearchAction","target":{"@type":"EntryPoint","urlTemplate":"https:\/\/www.agencijaspin.si\/?s={search_term_string}"},"query-input":"required name=search_term_string"}],"inLanguage":"en-US"},{"@type":"Organization","@id":"https:\/\/www.agencijaspin.si\/#organization","name":"Agencija Spin","url":"https:\/\/www.agencijaspin.si\/","logo":{"@type":"ImageObject","inLanguage":"en-US","@id":"https:\/\/www.agencijaspin.si\/#\/schema\/logo\/image\/","url":"https:\/\/www.agencijaspin.si\/wp-content\/uploads\/2023\/08\/logo_spin.png","contentUrl":"https:\/\/www.agencijaspin.si\/wp-content\/uploads\/2023\/08\/logo_spin.png","width":171,"height":62,"caption":"Agencija Spin"},"image":{"@id":"https:\/\/www.agencijaspin.si\/#\/schema\/logo\/image\/"},"sameAs":["https:\/\/www.facebook.com\/spinagencija"]}]}},"jetpack_sharing_enabled":true,"_links":{"self":[{"href":"https:\/\/www.agencijaspin.si\/en\/wp-json\/wp\/v2\/product\/8056","targetHints":{"allow":["GET"]}}],"collection":[{"href":"https:\/\/www.agencijaspin.si\/en\/wp-json\/wp\/v2\/product"}],"about":[{"href":"https:\/\/www.agencijaspin.si\/en\/wp-json\/wp\/v2\/types\/product"}],"wp:featuredmedia":[{"embeddable":true,"href":"https:\/\/www.agencijaspin.si\/en\/wp-json\/wp\/v2\/media\/4860"}],"wp:attachment":[{"href":"https:\/\/www.agencijaspin.si\/en\/wp-json\/wp\/v2\/media?parent=8056"}],"wp:term":[{"taxonomy":"product_cat","embeddable":true,"href":"https:\/\/www.agencijaspin.si\/en\/wp-json\/wp\/v2\/product_cat?post=8056"},{"taxonomy":"product_tag","embeddable":true,"href":"https:\/\/www.agencijaspin.si\/en\/wp-json\/wp\/v2\/product_tag?post=8056"}],"curies":[{"name":"wp","href":"https:\/\/api.w.org\/{rel}","templated":true}]}}