{"id":7095,"date":"2023-06-08T14:28:03","date_gmt":"2023-06-08T13:28:03","guid":{"rendered":"https:\/\/agencijaspin.eprvak.net\/politika-zastite-osobnih-podataka\/"},"modified":"2023-06-30T13:09:01","modified_gmt":"2023-06-30T12:09:01","slug":"politika-zastite-osobnih-podataka","status":"publish","type":"page","link":"https:\/\/www.agencijaspin.si\/hr\/politika-zastite-osobnih-podataka\/","title":{"rendered":"Politika za\u0161tite osobnih podataka"},"content":{"rendered":"<h3>Politika za\u0161tite osobnih podataka<\/h3>\n<p>Hvala \u0161to ste posjetili na\u0161u web stranicu. Za\u0161tita Va\u0161ih osobnih podataka vrlo nam je va\u017ena, stoga Vam uz kvalitetan sadr\u017eaj jam\u010dimo i pravo da sami odlu\u010dujete o kori\u0161tenju Va\u0161ih podataka. Ova politika za\u0161tite osobnih podataka ure\u0111uje prikupljanje, pohranu i obradu osobnih podataka koje operater prikuplja od korisnika.<\/p>\n<h4>Sadr\u017eaj<\/h4>\n<p><a href=\"#_Toc135993516\">Politika za\u0161tite osobnih podataka\u00a0<\/a><\/p>\n<p><a href=\"#_Toc135993517\">Administrator zbirke osobnih podataka\u00a0<\/a><\/p>\n<p><a href=\"#_Toc135993518\">Kategorije osobnih podataka\u00a0<\/a><\/p>\n<p><a href=\"#_Toc135993519\">Svrhe obrade osobnih podataka\u00a0<\/a><\/p>\n<p><a href=\"#_Toc135993520\">Vrijeme skladi\u0161tenja\u00a0<\/a><\/p>\n<p><a href=\"#_Toc135993521\">Za\u0161tita osobnih podataka\u00a0<\/a><\/p>\n<p><a href=\"#_Toc135993522\">Prava korisnika\u00a0<\/a><\/p>\n<p><a href=\"#_Toc135993523\">Ugovorni prera\u0111iva\u010di i <\/a><a href=\"#_Toc135993523\">skladi\u0161ni <\/a><a href=\"#_Toc135993523\">prostor\u00a0<\/a><\/p>\n<p><a href=\"#_Toc135993524\">Kori\u0161tenje kola\u010di\u0107a\u00a0<\/a><\/p>\n<p><a href=\"#_Toc135993525\">Pravna obavijest\u00a0<\/a><\/p>\n<p><a href=\"#_Toc135993526\">Kona\u010dne odluke<\/a><\/p>\n<p>&nbsp;<\/p>\n<h4>Administrator zbirke osobnih podataka<\/h4>\n<p>Voditelj zbirke osobnih podataka je AGENCIJA SPIN doo, Bizeljska cesta 5, 8250 Bre\u017eice .<br \/>\nOvla\u0161tena osoba za za\u0161titu osobnih podataka, Sebastijan Jankovi\u010d, dostupna je na <a href=\"mailto:info@agencijaspin.si\">info@agencijaspin.si<\/a>.<\/p>\n<p>Kao primatelj odn korisnik ovla\u0161\u0107uje upravitelja da prikuplja, obra\u0111uje i \u010duva dostavljene osobne podatke u skladu s va\u017ee\u0107im zakonodavstvom o za\u0161titi osobnih podataka.<\/p>\n<p>&nbsp;<\/p>\n<h4>Kategorije osobnih podataka<\/h4>\n<p>Dobiveni podaci koje vodi voditelj zbirke osobnih podataka:<\/p>\n<ul>\n<li>Email adresa;<\/li>\n<li>ime i prezime te naziv ili spol zbog personaliziranih potreba slanja e-po\u0161te;<\/li>\n<li>spol,<\/li>\n<li>datum ro\u0111enja,<\/li>\n<li>naziv tvrtke,<\/li>\n<li>fizi\u010dku adresu osobe i tvrtke;<\/li>\n<li>industrija poduze\u0107a;<\/li>\n<li>odgovori na anketu o zadovoljstvu;<\/li>\n<li>podaci, kupnje, zahtjevi za uslugama i pritu\u017ebe;<\/li>\n<li>telefon;<\/li>\n<li>GSM;<\/li>\n<li>koje je poruke korisnik otvorio i na koje poveznice u porukama je kliknuo;<\/li>\n<li>koje je stranice na portalu posje\u0107ivao;<\/li>\n<li>pro\u0161li upiti;<\/li>\n<li>informacije o ra\u010dunu;<\/li>\n<li>korisni\u010dke IP adrese i ID-ovi kola\u010di\u0107a.<\/li>\n<\/ul>\n<h4>Svrhe obrade osobnih podataka<\/h4>\n<p>Operater \u0107e podatke dobivene od korisnika koristiti u sljede\u0107e svrhe:<\/p>\n<ul>\n<li>komunikaciju u vezi s pru\u017eanjem usluga, kupnjom, zahtjevima za podr\u0161ku, upitima ili (pred)ugovorni odnosi;<\/li>\n<li>izvo\u0111enje nagradnih igara i doga\u0111anja;<\/li>\n<li>statisti\u010dke i tr\u017ei\u0161ne analize; pra\u0107enje klikova i otvaranja e-po\u0161te i klikova na web stranice za segmentaciju i prilagodbu sadr\u017eaja e-po\u0161te;<\/li>\n<li>informiranje i slanje e-vijesti, \u010dlanaka, obavijesti o doga\u0111anjima putem e-po\u0161te;<\/li>\n<li>izravni marketing i slanje ponuda SMS\/MMS-om, e-mailom i porukama obavijesti, redovnom po\u0161tom, na web stranici i mobilnim aplikacijama te telefoniranje;<\/li>\n<li>segmentacija , profiliranje i automatizirana obrada s ciljem kreiranja prilago\u0111enih poruka i ponuda koje \u0107e biti relevantnije korisniku;<\/li>\n<li>prikazivanje prilago\u0111enih oglasa na oglasnim platformama (Google i Facebook).<\/li>\n<\/ul>\n<p>Prilikom slanja elektroni\u010dke po\u0161te, administrator bilje\u017ei otvaranje primljenih poruka od strane pojedinaca i klikove na linkove u primljenim porukama. Tako\u0111er bilje\u017ei posjete i kampanje na web stranici operatera. Za bolju i ciljaniju dostavu ponuda i prilagodbu poruka ili komunikacije automatski obra\u0111uje, analizira, profilira i vrednuje mjerenje aktivnosti i interesa korisnika.<\/p>\n<p>Ukoliko operater plasira uslugu druge tvrtke, a vi ste poslali upit za tu uslugu, suglasni ste da \u0107ete svoje osobne podatke i podatke iz ovog upita proslijediti pru\u017eatelju tih usluga. On zatim \u010duva te informacije kod sebe i mo\u017ee vas kontaktirati u vezi s ovim upitom.<\/p>\n<h4>Vrijeme skladi\u0161tenja<\/h4>\n<p>Osobne podatke pojedinca \u010duvamo na neodre\u0111eno vrijeme ili do opoziva privole za pohranu i obradu podataka pojedinca. Nakon opoziva privole pojedinca, njegove osobne podatke odmah i trajno bri\u0161emo.<\/p>\n<p>Ako u na\u0161em poduze\u0107u prestanu gore opisane svrhe za koje pohranjujemo i obra\u0111ujemo osobne podatke, odmah \u0107emo trajno izbrisati zbirke podataka \u010dija je svrha prestala.<\/p>\n<h4>Za\u0161tita osobnih podataka<\/h4>\n<p>Administrator \u0107e dobivene podatke \u0161tititi sukladno va\u017ee\u0107im zakonskim propisima o za\u0161titi osobnih podataka te svojim internim aktima donesenim na temelju zakona. Osigurat \u0107e odgovaraju\u0107u organizacijsku i tehni\u010dku za\u0161titu. Operater ni u kojem slu\u010daju ne\u0107e proslje\u0111ivati niti otkrivati dobivene podatke tre\u0107im osobama. Administrator provodi odgovaraju\u0107e tehni\u010dke i organizacijske mjere za za\u0161titu osobnih podataka.<\/p>\n<h4>Prava korisnika<\/h4>\n<p>U skladu s odredbama Op\u0107e uredbe EU o za\u0161titi osobnih podataka (GDPR) i ZVOP-2, voditelj obrade osobnih podataka du\u017ean je potro\u0161a\u010du na njegov zahtjev osigurati:<\/p>\n<ul>\n<li>Potvrditi da li se podaci koji se na njega odnose obra\u0111uju ili ne te mu omogu\u0107iti uvid u osobne podatke koji se na njega odnose.<\/li>\n<li>Osigurati ispis osobnih podataka koji se na njega odnose.<\/li>\n<li>Omogu\u0107ite ispravak ili dopunu Va\u0161ih osobnih podataka.<\/li>\n<li>Dati mogu\u0107nost djelomi\u010dnog ili potpunog brisanja osobnih podataka.<\/li>\n<li>Dati mogu\u0107nost prijenosa osobnih podataka drugom pru\u017eatelju povezanih usluga.<\/li>\n<li>Dati mogu\u0107nost djelomi\u010dnog ili potpunog povla\u010denja privole za obradu osobnih podataka.<\/li>\n<\/ul>\n<p>Administrator \u0107e Va\u0161 zahtjev za opozivom uzeti u obzir te \u0107e dosljedno organizirati poni\u0161tenje privole u svrhu obrade osobnih podataka najkasnije u roku od 15 dana.<\/p>\n<p>Svaki pojedinac, ako smatra da su njegova prava u vezi sa za\u0161titom osobnih podataka na bilo koji na\u010din povrije\u0111ena od strane voditelja obrade, mo\u017ee u bilo kojem trenutku podnijeti pritu\u017ebu nadzornom tijelu (Informacijski povjerenik u Republici Sloveniji).<\/p>\n<p>Svaki korisnik ima mogu\u0107nost jednostavno odjaviti primanje poruka jednim klikom u podno\u017eju primljene e-mail poruke ili poslati e-mail s odjavom ili zahtjevom za ostvarivanje nekog od gore navedenih prava. Unesite e-mail na <a href=\"mailto:info@agencijaspin.si\">info@agencijaspin.si<\/a>, ili po\u0161aljite pismeni zahtjev na adresu AGENCIJA SPIN doo, Bizeljska cesta 5, 8250 Bre\u017eice .<\/p>\n<h4>Ugovorni prera\u0111iva\u010di i skladi\u0161ni prostor<\/h4>\n<p>Voditelj obrade prikupljene osobne podatke tako\u0111er proslje\u0111uje svojim ugovornim izvr\u0161iteljima obrade, koji podatke mogu obra\u0111ivati isklju\u010divo u okviru uputa i ovla\u0161tenja Voditelja obrade te se s Voditeljem obrade obvezuju pisanim ugovorom na osiguranje odgovaraju\u0107e razine za\u0161tite osobnih podataka, i to: za ERP, automatizaciju marketin\u0161kih sustava i CRM. Davatelj \u010duva zbirke osobnih podataka u EU i ne izvozi ih u tre\u0107e zemlje.<\/p>\n<p>Voditelj obrade mo\u017ee dati osobne podatke platformama za digitalno ogla\u0161avanje (Google, Facebook, LinkedIn itd.) i koristiti njihove kola\u010di\u0107e, koji voditelju obrade omogu\u0107uju izradu preciznijih segmenata, prikazivanje ciljanih oglasa i remarketing. To korisniku omogu\u0107uje primanje relevantnijih oglasa na tim platformama od operatera. To mo\u017ee uklju\u010divati izvoz podataka ugovornom izvr\u0161itelju obrade izvan EU-a.<\/p>\n<h4>Kori\u0161tenje kola\u010di\u0107a<\/h4>\n<p>Kao korisnik web stranice <a href=\"https:\/\/www.agencijaspin.si\/\">https:\/\/www.agencijaspin.si\/ <\/a>, suglasni ste da se kola\u010di\u0107i u\u010ditavaju na va\u0161e ra\u010dunalo kako bi osigurali rad svih funkcija web stranice, web analitiku i napredno ogla\u0161avanje.<\/p>\n<p>U\u010ditavaju se sljede\u0107i kola\u010di\u0107i:<\/p>\n<ul>\n<li>Analiti\u010dki kola\u010di\u0107i (Google Analytics )<\/li>\n<\/ul>\n<p>Oni slu\u017ee za bilje\u017eenje analitike posje\u0107enosti web stranice i daju nam podatke na temelju kojih mo\u017eemo pru\u017eiti bolje korisni\u010dko iskustvo.<\/p>\n<ul>\n<li>Kola\u010di\u0107i za dru\u0161tvene mre\u017ee (Facebook i Instagram )<\/li>\n<\/ul>\n<p>Kola\u010di\u0107i potrebni za dodatke za dijeljenje sadr\u017eaja sa stranice na dru\u0161tvenim mre\u017eama.<\/p>\n<ul>\n<li>Kola\u010di\u0107i za komunikaciju na stranici (Chat)<\/li>\n<\/ul>\n<p>Kola\u010di\u0107i omogu\u0107uju prikaz , kontakt i komunikaciju putem komunikacijskog utika\u010da na stranici.<\/p>\n<ul>\n<li>Kola\u010di\u0107i za ogla\u0161avanje (Google i Facebook)<\/li>\n<\/ul>\n<p>Namijenjeni su ciljanom ogla\u0161avanju na temelju korisnikovih pro\u0161lih aktivnosti na drugim stranicama.<\/p>\n<ul>\n<li>Alati za marketin\u0161ku automatizaciju (ESMA) kola\u010di\u0107i<\/li>\n<\/ul>\n<p>Namijenjeni su prikupljanju podataka o pona\u0161anju i aktivnostima posjetitelja web stranice.<\/p>\n<ul>\n<li>Kola\u010di\u0107i za prikaz video sadr\u017eaja ( Youtube )<\/li>\n<\/ul>\n<p>Namijenjene su prikazivanju video sadr\u017eaja i pra\u0107enju pregleda.<\/p>\n<p>Namijenjeni su pra\u0107enju aktivnosti korisnika na web stranici.<\/p>\n<p>Ako ste tijekom pregledavanja na\u0161ih web stranica prijavljeni na korisni\u010dki ra\u010dun drugog pru\u017eatelja usluga (npr. Google, Facebook itd.), ti pru\u017eatelji usluga mogu pratiti va\u0161e pona\u0161anje na na\u0161im web stranicama u skladu s njihovim uvjetima i odabranim postavkama u va\u0161em kod ovog pru\u017eatelja usluga. Vi\u0161e informacija u tom pogledu mora pru\u017eiti pojedina\u010dni pru\u017eatelj usluga .<\/p>\n<p>Druge web stranice na koje se povezujemo na na\u0161oj web stranici (vanjske poveznice) mogu imati pravila o privatnosti koja se razlikuju od na\u0161ih pravila o privatnosti. Kako bismo za\u0161titili va\u0161u privatnost , preporu\u010damo da pogledate politiku za\u0161tite osobnih podataka i na drugim web stranicama kojima pristupate putem na\u0161e web stranice.<\/p>\n<p>Upute za ure\u0111ivanje kola\u010di\u0107a u pojedina\u010dnim preglednicima:<\/p>\n<p>Navodila za urejanje pi\u0161kotkov v posameznih brskalnikih:<\/p>\n<table>\n<tbody>\n<tr>\n<td>\u00b7 <a href=\"https:\/\/support.google.com\/chrome\/answer\/95647?hl=sl\">Google <\/a><a href=\"https:\/\/support.google.com\/chrome\/answer\/95647?hl=sl\">Chrome<\/a><\/td>\n<\/tr>\n<tr>\n<td>\u00b7 <a href=\"http:\/\/windows.microsoft.com\/sl-si\/internet-explorer\/delete-manage-cookies#ie=ie-10\">Internet Explorer<\/a><\/p>\n<p>\u00b7 <a href=\"https:\/\/support.microsoft.com\/en-us\/search?query=disable%20cookies%20in%20microsoft%20edge\">MS <\/a><a href=\"https:\/\/support.microsoft.com\/en-us\/search?query=disable%20cookies%20in%20microsoft%20edge\">Edge<\/a><\/td>\n<\/tr>\n<tr>\n<td>\u00b7 <a href=\"https:\/\/support.apple.com\/sl-si\/guide\/safari\/sfri11471\/mac\">Safari<\/a><\/td>\n<\/tr>\n<tr>\n<td>\u00b7 <a href=\"http:\/\/support.mozilla.org\/en-US\/kb\/enable-and-disable-cookies-website-preferences\">Firefox<\/a><\/td>\n<\/tr>\n<tr>\n<td>\u00b7 <a href=\"http:\/\/www.opera.com\/help\/tutorials\/security\/privacy\/\">Opera<\/a><\/td>\n<\/tr>\n<\/tbody>\n<\/table>\n<h4>Pravna obavijest<\/h4>\n<p>Sav sadr\u017eaj web stranice <a href=\"https:\/\/www.agencijaspin.si\/\">https:\/\/www.agencijaspin.si\/ <\/a>vlasni\u0161tvo je AGENCIJE SPIN doo i informativnog je karaktera. Sve informacije i fotografije sadr\u017eane na web stranicama AGENCIJE SPIN doo podlije\u017eu za\u0161titi autorskih prava ili drugim oblicima za\u0161tite intelektualnog vlasni\u0161tva , kao i povezanih ugovornih partnera \u010diji se sadr\u017eaji nalaze na stranicama, u zakonom dopu\u0161tenom okviru. Dokumenti objavljeni na ovim web stranicama smiju se reproducirati samo u nekomercijalne svrhe, pri \u010demu moraju zadr\u017eati sve napomene o autorskom pravu ili drugim autorskim pravima i ne smiju se kopirati, reproducirati ili na drugi na\u010din \u0161iriti u komercijalne svrhe.<\/p>\n<p>U AGENCIJA SPIN doo nastojimo osigurati to\u010dnost i a\u017eurnost podataka na na\u0161im web stranicama pa\u017eljivim a\u017euriranjem sadr\u017eaja, ali tvrtka ne preuzima nikakvu odgovornost za njihovu to\u010dnost . AGENCIJA SPIN doo , kao ni druge pravne i fizi\u010dke osobe koje su sudjelovale u izradi i izradi ovih web stranica, ne snosi odgovornost za bilo kakvu \u0161tetu nastalu pristupom, kori\u0161tenjem ili nemogu\u0107no\u0161\u0107u kori\u0161tenja informacija na ovim web stranicama ili za bilo kakve pogre\u0161ke ili nedostatke u njihov sadr\u017eaj. Korisnici koriste objavljeni sadr\u017eaj na vlastitu odgovornost.<\/p>\n<p>AGENCIJA SPIN doo zadr\u017eava pravo izmjene sadr\u017eaja ovih web stranica u bilo koje vrijeme, na bilo koji na\u010din i iz bilo kojeg razloga bez prethodnog upozorenja. Ne preuzima odgovornost za bilo kakve posljedice takvih promjena.<\/p>\n<p>Druge web stranice na koje se povezujemo s na\u0161e web stranice (vanjske poveznice) mogu imati pravila o privatnosti koja se razlikuju od na\u0161ih pravila o privatnosti. Kako bismo za\u0161titili va\u0161u privatnost, preporu\u010dujemo da pregledate pravila o privatnosti drugih web stranica kojima pristupate putem na\u0161e web stranice.<\/p>\n<h4>Zavr\u0161ne odredbe<\/h4>\n<p>Za sve \u0161to nije regulirano ovom Politikom za\u0161tite osobnih podataka primjenjuje se va\u017ee\u0107e zakonodavstvo.<\/p>\n<p>Tvrtka zadr\u017eava pravo izmjene ove Politike privatnosti. O promjeni \u0107emo Vas obavijestiti objavom na slu\u017ebenoj stranici <a href=\"https:\/\/www.agencijaspin.si\/\">https:\/\/www.agencijaspin.si\/ <\/a>30 dana prije stupanja na snagu.<\/p>\n<p>U slu\u010daju pitanja o Politici za\u0161tite osobnih podataka koju vodimo o Vama, pi\u0161ite nam na e-mail adresu unesite e-mail .<\/p>\n<p><strong>Valjanost politike za\u0161tite osobnih podataka<\/strong><\/p>\n<p>Ova Politika za\u0161tite osobnih podataka objavljena je na web stranici AGENCIJE SPIN doo . i stupa na snagu 04.06.2018.<\/p>\n<p>&nbsp;<\/p>\n","protected":false},"excerpt":{"rendered":"<p>Politika za\u0161tite osobnih podataka Hvala \u0161to ste posjetili na\u0161u web [&hellip;]<\/p>\n","protected":false},"author":5,"featured_media":0,"parent":0,"menu_order":0,"comment_status":"closed","ping_status":"closed","template":"","meta":{"footnotes":""},"class_list":["post-7095","page","type-page","status-publish","hentry"],"yoast_head":"<!-- This site is optimized with the Yoast SEO plugin v22.5 - https:\/\/yoast.com\/wordpress\/plugins\/seo\/ -->\n<title>Politika za\u0161tite osobnih podataka - Agencija Spin<\/title>\n<meta name=\"robots\" content=\"index, follow, max-snippet:-1, max-image-preview:large, max-video-preview:-1\" \/>\n<link rel=\"canonical\" href=\"https:\/\/www.agencijaspin.si\/hr\/politika-zastite-osobnih-podataka\/\" \/>\n<meta property=\"og:locale\" content=\"hr_HR\" \/>\n<meta property=\"og:type\" content=\"article\" \/>\n<meta property=\"og:title\" content=\"Politika za\u0161tite osobnih podataka - Agencija Spin\" \/>\n<meta property=\"og:description\" content=\"Politika za\u0161tite osobnih podataka Hvala \u0161to ste posjetili na\u0161u web [&hellip;]\" \/>\n<meta property=\"og:url\" content=\"https:\/\/www.agencijaspin.si\/hr\/politika-zastite-osobnih-podataka\/\" \/>\n<meta property=\"og:site_name\" content=\"Agencija Spin\" \/>\n<meta property=\"article:publisher\" content=\"https:\/\/www.facebook.com\/spinagencija\" \/>\n<meta property=\"article:modified_time\" content=\"2023-06-30T12:09:01+00:00\" \/>\n<meta name=\"twitter:card\" content=\"summary_large_image\" \/>\n<meta name=\"twitter:label1\" content=\"Procijenjeno vrijeme \u010ditanja\" \/>\n\t<meta name=\"twitter:data1\" content=\"9 minuta\" \/>\n<script type=\"application\/ld+json\" class=\"yoast-schema-graph\">{\"@context\":\"https:\/\/schema.org\",\"@graph\":[{\"@type\":\"WebPage\",\"@id\":\"https:\/\/www.agencijaspin.si\/hr\/politika-zastite-osobnih-podataka\/\",\"url\":\"https:\/\/www.agencijaspin.si\/hr\/politika-zastite-osobnih-podataka\/\",\"name\":\"Politika za\u0161tite osobnih podataka - Agencija Spin\",\"isPartOf\":{\"@id\":\"https:\/\/www.agencijaspin.si\/#website\"},\"datePublished\":\"2023-06-08T13:28:03+00:00\",\"dateModified\":\"2023-06-30T12:09:01+00:00\",\"breadcrumb\":{\"@id\":\"https:\/\/www.agencijaspin.si\/hr\/politika-zastite-osobnih-podataka\/#breadcrumb\"},\"inLanguage\":\"hr\",\"potentialAction\":[{\"@type\":\"ReadAction\",\"target\":[\"https:\/\/www.agencijaspin.si\/hr\/politika-zastite-osobnih-podataka\/\"]}]},{\"@type\":\"BreadcrumbList\",\"@id\":\"https:\/\/www.agencijaspin.si\/hr\/politika-zastite-osobnih-podataka\/#breadcrumb\",\"itemListElement\":[{\"@type\":\"ListItem\",\"position\":1,\"name\":\"Home\",\"item\":\"https:\/\/www.agencijaspin.si\/hr\/\"},{\"@type\":\"ListItem\",\"position\":2,\"name\":\"Politika za\u0161tite osobnih podataka\"}]},{\"@type\":\"WebSite\",\"@id\":\"https:\/\/www.agencijaspin.si\/#website\",\"url\":\"https:\/\/www.agencijaspin.si\/\",\"name\":\"Agencija Spin\",\"description\":\"Spinning your creativity\",\"publisher\":{\"@id\":\"https:\/\/www.agencijaspin.si\/#organization\"},\"potentialAction\":[{\"@type\":\"SearchAction\",\"target\":{\"@type\":\"EntryPoint\",\"urlTemplate\":\"https:\/\/www.agencijaspin.si\/?s={search_term_string}\"},\"query-input\":\"required name=search_term_string\"}],\"inLanguage\":\"hr\"},{\"@type\":\"Organization\",\"@id\":\"https:\/\/www.agencijaspin.si\/#organization\",\"name\":\"Agencija Spin\",\"url\":\"https:\/\/www.agencijaspin.si\/\",\"logo\":{\"@type\":\"ImageObject\",\"inLanguage\":\"hr\",\"@id\":\"https:\/\/www.agencijaspin.si\/#\/schema\/logo\/image\/\",\"url\":\"https:\/\/www.agencijaspin.si\/wp-content\/uploads\/2023\/08\/logo_spin.png\",\"contentUrl\":\"https:\/\/www.agencijaspin.si\/wp-content\/uploads\/2023\/08\/logo_spin.png\",\"width\":171,\"height\":62,\"caption\":\"Agencija Spin\"},\"image\":{\"@id\":\"https:\/\/www.agencijaspin.si\/#\/schema\/logo\/image\/\"},\"sameAs\":[\"https:\/\/www.facebook.com\/spinagencija\"]}]}<\/script>\n<!-- \/ Yoast SEO plugin. -->","yoast_head_json":{"title":"Politika za\u0161tite osobnih podataka - Agencija Spin","robots":{"index":"index","follow":"follow","max-snippet":"max-snippet:-1","max-image-preview":"max-image-preview:large","max-video-preview":"max-video-preview:-1"},"canonical":"https:\/\/www.agencijaspin.si\/hr\/politika-zastite-osobnih-podataka\/","og_locale":"hr_HR","og_type":"article","og_title":"Politika za\u0161tite osobnih podataka - Agencija Spin","og_description":"Politika za\u0161tite osobnih podataka Hvala \u0161to ste posjetili na\u0161u web [&hellip;]","og_url":"https:\/\/www.agencijaspin.si\/hr\/politika-zastite-osobnih-podataka\/","og_site_name":"Agencija Spin","article_publisher":"https:\/\/www.facebook.com\/spinagencija","article_modified_time":"2023-06-30T12:09:01+00:00","twitter_card":"summary_large_image","twitter_misc":{"Procijenjeno vrijeme \u010ditanja":"9 minuta"},"schema":{"@context":"https:\/\/schema.org","@graph":[{"@type":"WebPage","@id":"https:\/\/www.agencijaspin.si\/hr\/politika-zastite-osobnih-podataka\/","url":"https:\/\/www.agencijaspin.si\/hr\/politika-zastite-osobnih-podataka\/","name":"Politika za\u0161tite osobnih podataka - Agencija Spin","isPartOf":{"@id":"https:\/\/www.agencijaspin.si\/#website"},"datePublished":"2023-06-08T13:28:03+00:00","dateModified":"2023-06-30T12:09:01+00:00","breadcrumb":{"@id":"https:\/\/www.agencijaspin.si\/hr\/politika-zastite-osobnih-podataka\/#breadcrumb"},"inLanguage":"hr","potentialAction":[{"@type":"ReadAction","target":["https:\/\/www.agencijaspin.si\/hr\/politika-zastite-osobnih-podataka\/"]}]},{"@type":"BreadcrumbList","@id":"https:\/\/www.agencijaspin.si\/hr\/politika-zastite-osobnih-podataka\/#breadcrumb","itemListElement":[{"@type":"ListItem","position":1,"name":"Home","item":"https:\/\/www.agencijaspin.si\/hr\/"},{"@type":"ListItem","position":2,"name":"Politika za\u0161tite osobnih podataka"}]},{"@type":"WebSite","@id":"https:\/\/www.agencijaspin.si\/#website","url":"https:\/\/www.agencijaspin.si\/","name":"Agencija Spin","description":"Spinning your creativity","publisher":{"@id":"https:\/\/www.agencijaspin.si\/#organization"},"potentialAction":[{"@type":"SearchAction","target":{"@type":"EntryPoint","urlTemplate":"https:\/\/www.agencijaspin.si\/?s={search_term_string}"},"query-input":"required name=search_term_string"}],"inLanguage":"hr"},{"@type":"Organization","@id":"https:\/\/www.agencijaspin.si\/#organization","name":"Agencija Spin","url":"https:\/\/www.agencijaspin.si\/","logo":{"@type":"ImageObject","inLanguage":"hr","@id":"https:\/\/www.agencijaspin.si\/#\/schema\/logo\/image\/","url":"https:\/\/www.agencijaspin.si\/wp-content\/uploads\/2023\/08\/logo_spin.png","contentUrl":"https:\/\/www.agencijaspin.si\/wp-content\/uploads\/2023\/08\/logo_spin.png","width":171,"height":62,"caption":"Agencija Spin"},"image":{"@id":"https:\/\/www.agencijaspin.si\/#\/schema\/logo\/image\/"},"sameAs":["https:\/\/www.facebook.com\/spinagencija"]}]}},"jetpack_sharing_enabled":true,"_links":{"self":[{"href":"https:\/\/www.agencijaspin.si\/hr\/wp-json\/wp\/v2\/pages\/7095","targetHints":{"allow":["GET"]}}],"collection":[{"href":"https:\/\/www.agencijaspin.si\/hr\/wp-json\/wp\/v2\/pages"}],"about":[{"href":"https:\/\/www.agencijaspin.si\/hr\/wp-json\/wp\/v2\/types\/page"}],"author":[{"embeddable":true,"href":"https:\/\/www.agencijaspin.si\/hr\/wp-json\/wp\/v2\/users\/5"}],"replies":[{"embeddable":true,"href":"https:\/\/www.agencijaspin.si\/hr\/wp-json\/wp\/v2\/comments?post=7095"}],"version-history":[{"count":5,"href":"https:\/\/www.agencijaspin.si\/hr\/wp-json\/wp\/v2\/pages\/7095\/revisions"}],"predecessor-version":[{"id":7851,"href":"https:\/\/www.agencijaspin.si\/hr\/wp-json\/wp\/v2\/pages\/7095\/revisions\/7851"}],"wp:attachment":[{"href":"https:\/\/www.agencijaspin.si\/hr\/wp-json\/wp\/v2\/media?parent=7095"}],"curies":[{"name":"wp","href":"https:\/\/api.w.org\/{rel}","templated":true}]}}