{"id":7845,"date":"2023-06-30T07:43:07","date_gmt":"2023-06-30T06:43:07","guid":{"rendered":"https:\/\/agencijaspin.eprvak.net\/uvjeti-kupnje\/"},"modified":"2023-06-30T07:54:07","modified_gmt":"2023-06-30T06:54:07","slug":"uvjeti-kupnje","status":"publish","type":"page","link":"https:\/\/www.agencijaspin.si\/hr\/uvjeti-kupnje\/","title":{"rendered":"Uvjeti kupnje"},"content":{"rendered":"<h2>Uvjeti kupnje<\/h2>\n<h3>2. UVJETI KORI\u0160TENJA WEB STRANICE<\/h3>\n<p>Sadr\u017eaj objavljen na web stranici saromastniki.io mo\u017ee se koristiti i reproducirati samo u nekomercijalne svrhe, pri \u010demu mora zadr\u017eati sve navedene oznake autorskih prava te se stoga ne smije kopirati, reproducirati ili distribuirati na bilo koji drugi na\u010din.<br \/>\nNa web stranici www.agencijaspin.si nastojimo pru\u017eiti \u0161to to\u010dniji i a\u017eurniji sadr\u017eaj, ali ne preuzimamo nikakva jamstva za njegovu to\u010dnost i\/ili a\u017eurnost. Sadr\u017eaje mogu promijeniti u bilo kojem trenutku, bez obveze obavje\u0161tavanja korisnika, te ne snosim odgovornost za posljedice takvih promjena.<br \/>\nSvi korisnici koriste sve objavljene sadr\u017eaje na vlastitu odgovornost i ne jam\u010dimo rezultate.<br \/>\nTvrtka Agencija Spin d.o.o., niti bilo koja druga pravna ili fizi\u010dka osoba koja je sudjelovala u izradi i izradi web stranice <a href=\"http:\/\/www.agencijaspin.si\">www.agencijaspin.si<\/a>, ne odgovara za bilo kakvu \u0161tetu koja bi mogla proiza\u0107i iz pristupa, kori\u0161tenja ili nemogu\u0107nosti kori\u0161tenja informacije na web stranici agencijaspin.si .si, ili za bilo kakve pogre\u0161ke ili nedostatke u njihovom sadr\u017eaju.<\/p>\n<h3>3. NA\u010cINI PLA\u0106ANJA I IZDAVANJA RA\u010cUNA KOD KUPNJE PROGRAMA<\/h3>\n<p>Izdavatelj ra\u010duna za kupnju proizvoda i usluga putem web stranice www.agencijaspin.si je tvrtka AGENCIJA SPIN d.o.o., Bizeljska cesta 5, 8250 Bre\u017eice D\u0160: SI 14643766, reg. 15.11.2010. Okru\u017eni sud Kr\u0161ko<br \/>\nSve online proizvode i usluge mo\u017eete platiti na nekoliko na\u010dina. Nudimo pla\u0107anje na transakcijski ra\u010dun i platnim karticama.<br \/>\nNakon izvr\u0161ene narud\u017ebe &#8216;po predra\u010dunu&#8217;, e-mailom \u0107ete dobiti sve potpune podatke potrebne za prijenos.<br \/>\nSve uplate potrebno je izvr\u0161iti na ra\u010dun tvrtke AGENCIJA SPIN d.o.o., Bizeljska cesta 5, 8250 Bre\u017eice., odnosno na TRR otvoren kod banke DH dd, s brojem: IBAN SI56 6100 0000 4205 976.<br \/>\nRa\u010dun za izvr\u0161enu uplatu primit \u0107ete najkasnije 8 dana nakon primitka uplate na navedenu e-mail adresu.<br \/>\nRa\u010dune ne \u0161aljemo po\u0161tom, osim ako to izri\u010dito ne \u017eelite i zatra\u017eite (u tom slu\u010daju javite nam se na info@agencijaspin.si). Sav pristup kori\u0161tenju programa i drugih elektroni\u010dkih sadr\u017eaja bit \u0107e vam omogu\u0107en najkasnije 24 sata nakon primitka uplate.<br \/>\nSve cijene sadr\u017ee PDV koji se obra\u010dunava u skladu sa zakonom.<\/p>\n<h3>4. PRIGOVORI I POVRAT NOVCA<\/h3>\n<p>Korisnik ima pravo i mogu\u0107nost koristiti bilo koje sredstvo komunikacije dostupno ili objavljeno na web stranici www.agencijaspin.si kako bi komunicirao ili izrazio svoje pritu\u017ebe, reklamacije ili neslaganja u vezi s uslugama koje pru\u017ea Agencija Spin d.o.o.<br \/>\nKorisnik mo\u017ee odabrati na\u010din i na\u010din na koji \u0107e priop\u0107iti reklamaciju ili reklamaciju.<br \/>\nAgencija Spin d.o.o. \u0107e na svaki prigovor odgovoriti pisanim putem u roku od petnaest (15) dana, osim u slu\u010daju kada potro\u0161a\u010d navodi stvarnu gre\u0161ku ili nestru\u010dno izvr\u0161enu uslugu. U ovom slu\u010daju Agencija Spin d.o.o. odgovorio potro\u0161a\u010du u roku od 8 dana. Prigovor na izdani ra\u010dun ne odla\u017ee obvezu pla\u0107anja nespornog dijela.<br \/>\nOsim online obrasca na <a href=\"http:\/\/www.agencijaspin.si\">www.agencijaspin.si<\/a>, reklamacije ili reklamacije mo\u017eete poslati i putem e-maila <a href=\"mailto:info@agencijaspin.si\">info@agencijaspin.si<\/a>.<br \/>\nAgencija Spin d.o.o. ve\u0107 jednom ne dopu\u0161ta mogu\u0107nost izvansudskog rje\u0161avanja sporova.<br \/>\nNa odgovornost za stvarne pogre\u0161ke primjenjuju se odredbe zakona kojim se ure\u0111uju obvezni odnosi, ako ovim zakonom nije druga\u010dije odre\u0111eno.<br \/>\nPotro\u0161a\u010d mo\u017ee ostvariti svoja prava iz materijalnog nedostatka ako o nedostatku obavijesti Agenciju Spin d.o.o. u roku od dva mjeseca od dana kada je gre\u0161ka otkrivena.<br \/>\nU obavijesti o pogre\u0161ci potro\u0161a\u010d mora pobli\u017ee opisati pogre\u0161ku i omogu\u0107iti prodavatelju da pregleda artikl.<br \/>\nPotro\u0161a\u010d mo\u017ee o pogre\u0161ci obavijestiti Agenciju Spin d.o.o. po\u0161aljite e-mail na <a href=\"mailto:info@agencijaspin.si\">info@agencijaspin.si<\/a>.<br \/>\nAgenciji Spin d.o.o. ne odgovara za gramati\u010dke pogre\u0161ke u samim propisima, niti odgovara za prikladno dopunjavanje sadr\u017eaja pojedinih propisa od strane samih kupaca (koji naravno moraju sve propise prilagoditi potrebama svoje tvrtke, djelatnosti koju obavljaju i sl. .).<br \/>\nPrava potro\u0161a\u010da iz stavka 1. prestaju protekom dvije godine od dana kada je obavijestio Agenciju Spin d.o.o. o stvarnoj pogre\u0161ci.<br \/>\nPotro\u0161a\u010d ima pravo, ukoliko je usluga neispravno izvr\u0161ena, od Agencije Spin d.o.o. zahtijevati: &#8211; otklanjanje nedostataka u pru\u017eenoj usluzi, ili &#8211; povrat dijela upla\u0107enog iznosa razmjerno nedostatku u pru\u017eenoj usluzi, ili &#8211; ponovno izvr\u0161enje usluge ili &#8211; povrat upla\u0107enog iznosa.<br \/>\nRokovi utvr\u0111eni za odgovornost prodavatelja za materijalne nedostatke vrijede na odgovaraju\u0107i na\u010din i za davatelja usluga, osim ako posebnim zakonom nije odre\u0111en du\u017ei rok.<\/p>\n","protected":false},"excerpt":{"rendered":"<p>Uvjeti kupnje 2. UVJETI KORI\u0160TENJA WEB STRANICE Sadr\u017eaj objavljen na [&hellip;]<\/p>\n","protected":false},"author":5,"featured_media":0,"parent":0,"menu_order":0,"comment_status":"closed","ping_status":"closed","template":"","meta":{"footnotes":""},"class_list":["post-7845","page","type-page","status-publish","hentry"],"yoast_head":"<!-- This site is optimized with the Yoast SEO plugin v22.5 - https:\/\/yoast.com\/wordpress\/plugins\/seo\/ -->\n<title>Uvjeti kupnje - Agencija Spin<\/title>\n<meta name=\"robots\" content=\"index, follow, max-snippet:-1, max-image-preview:large, max-video-preview:-1\" \/>\n<link rel=\"canonical\" href=\"https:\/\/www.agencijaspin.si\/hr\/uvjeti-kupnje\/\" \/>\n<meta property=\"og:locale\" content=\"hr_HR\" \/>\n<meta property=\"og:type\" content=\"article\" \/>\n<meta property=\"og:title\" content=\"Uvjeti kupnje - Agencija Spin\" \/>\n<meta property=\"og:description\" content=\"Uvjeti kupnje 2. UVJETI KORI\u0160TENJA WEB STRANICE Sadr\u017eaj objavljen na [&hellip;]\" \/>\n<meta property=\"og:url\" content=\"https:\/\/www.agencijaspin.si\/hr\/uvjeti-kupnje\/\" \/>\n<meta property=\"og:site_name\" content=\"Agencija Spin\" \/>\n<meta property=\"article:publisher\" content=\"https:\/\/www.facebook.com\/spinagencija\" \/>\n<meta property=\"article:modified_time\" content=\"2023-06-30T06:54:07+00:00\" \/>\n<meta name=\"twitter:card\" content=\"summary_large_image\" \/>\n<meta name=\"twitter:label1\" content=\"Procijenjeno vrijeme \u010ditanja\" \/>\n\t<meta name=\"twitter:data1\" content=\"4 minute\" \/>\n<script type=\"application\/ld+json\" class=\"yoast-schema-graph\">{\"@context\":\"https:\/\/schema.org\",\"@graph\":[{\"@type\":\"WebPage\",\"@id\":\"https:\/\/www.agencijaspin.si\/hr\/uvjeti-kupnje\/\",\"url\":\"https:\/\/www.agencijaspin.si\/hr\/uvjeti-kupnje\/\",\"name\":\"Uvjeti kupnje - Agencija Spin\",\"isPartOf\":{\"@id\":\"https:\/\/www.agencijaspin.si\/#website\"},\"datePublished\":\"2023-06-30T06:43:07+00:00\",\"dateModified\":\"2023-06-30T06:54:07+00:00\",\"breadcrumb\":{\"@id\":\"https:\/\/www.agencijaspin.si\/hr\/uvjeti-kupnje\/#breadcrumb\"},\"inLanguage\":\"hr\",\"potentialAction\":[{\"@type\":\"ReadAction\",\"target\":[\"https:\/\/www.agencijaspin.si\/hr\/uvjeti-kupnje\/\"]}]},{\"@type\":\"BreadcrumbList\",\"@id\":\"https:\/\/www.agencijaspin.si\/hr\/uvjeti-kupnje\/#breadcrumb\",\"itemListElement\":[{\"@type\":\"ListItem\",\"position\":1,\"name\":\"Home\",\"item\":\"https:\/\/www.agencijaspin.si\/hr\/\"},{\"@type\":\"ListItem\",\"position\":2,\"name\":\"Uvjeti kupnje\"}]},{\"@type\":\"WebSite\",\"@id\":\"https:\/\/www.agencijaspin.si\/#website\",\"url\":\"https:\/\/www.agencijaspin.si\/\",\"name\":\"Agencija Spin\",\"description\":\"Spinning your creativity\",\"publisher\":{\"@id\":\"https:\/\/www.agencijaspin.si\/#organization\"},\"potentialAction\":[{\"@type\":\"SearchAction\",\"target\":{\"@type\":\"EntryPoint\",\"urlTemplate\":\"https:\/\/www.agencijaspin.si\/?s={search_term_string}\"},\"query-input\":\"required name=search_term_string\"}],\"inLanguage\":\"hr\"},{\"@type\":\"Organization\",\"@id\":\"https:\/\/www.agencijaspin.si\/#organization\",\"name\":\"Agencija Spin\",\"url\":\"https:\/\/www.agencijaspin.si\/\",\"logo\":{\"@type\":\"ImageObject\",\"inLanguage\":\"hr\",\"@id\":\"https:\/\/www.agencijaspin.si\/#\/schema\/logo\/image\/\",\"url\":\"https:\/\/www.agencijaspin.si\/wp-content\/uploads\/2023\/08\/logo_spin.png\",\"contentUrl\":\"https:\/\/www.agencijaspin.si\/wp-content\/uploads\/2023\/08\/logo_spin.png\",\"width\":171,\"height\":62,\"caption\":\"Agencija Spin\"},\"image\":{\"@id\":\"https:\/\/www.agencijaspin.si\/#\/schema\/logo\/image\/\"},\"sameAs\":[\"https:\/\/www.facebook.com\/spinagencija\"]}]}<\/script>\n<!-- \/ Yoast SEO plugin. -->","yoast_head_json":{"title":"Uvjeti kupnje - Agencija Spin","robots":{"index":"index","follow":"follow","max-snippet":"max-snippet:-1","max-image-preview":"max-image-preview:large","max-video-preview":"max-video-preview:-1"},"canonical":"https:\/\/www.agencijaspin.si\/hr\/uvjeti-kupnje\/","og_locale":"hr_HR","og_type":"article","og_title":"Uvjeti kupnje - Agencija Spin","og_description":"Uvjeti kupnje 2. UVJETI KORI\u0160TENJA WEB STRANICE Sadr\u017eaj objavljen na [&hellip;]","og_url":"https:\/\/www.agencijaspin.si\/hr\/uvjeti-kupnje\/","og_site_name":"Agencija Spin","article_publisher":"https:\/\/www.facebook.com\/spinagencija","article_modified_time":"2023-06-30T06:54:07+00:00","twitter_card":"summary_large_image","twitter_misc":{"Procijenjeno vrijeme \u010ditanja":"4 minute"},"schema":{"@context":"https:\/\/schema.org","@graph":[{"@type":"WebPage","@id":"https:\/\/www.agencijaspin.si\/hr\/uvjeti-kupnje\/","url":"https:\/\/www.agencijaspin.si\/hr\/uvjeti-kupnje\/","name":"Uvjeti kupnje - Agencija Spin","isPartOf":{"@id":"https:\/\/www.agencijaspin.si\/#website"},"datePublished":"2023-06-30T06:43:07+00:00","dateModified":"2023-06-30T06:54:07+00:00","breadcrumb":{"@id":"https:\/\/www.agencijaspin.si\/hr\/uvjeti-kupnje\/#breadcrumb"},"inLanguage":"hr","potentialAction":[{"@type":"ReadAction","target":["https:\/\/www.agencijaspin.si\/hr\/uvjeti-kupnje\/"]}]},{"@type":"BreadcrumbList","@id":"https:\/\/www.agencijaspin.si\/hr\/uvjeti-kupnje\/#breadcrumb","itemListElement":[{"@type":"ListItem","position":1,"name":"Home","item":"https:\/\/www.agencijaspin.si\/hr\/"},{"@type":"ListItem","position":2,"name":"Uvjeti kupnje"}]},{"@type":"WebSite","@id":"https:\/\/www.agencijaspin.si\/#website","url":"https:\/\/www.agencijaspin.si\/","name":"Agencija Spin","description":"Spinning your creativity","publisher":{"@id":"https:\/\/www.agencijaspin.si\/#organization"},"potentialAction":[{"@type":"SearchAction","target":{"@type":"EntryPoint","urlTemplate":"https:\/\/www.agencijaspin.si\/?s={search_term_string}"},"query-input":"required name=search_term_string"}],"inLanguage":"hr"},{"@type":"Organization","@id":"https:\/\/www.agencijaspin.si\/#organization","name":"Agencija Spin","url":"https:\/\/www.agencijaspin.si\/","logo":{"@type":"ImageObject","inLanguage":"hr","@id":"https:\/\/www.agencijaspin.si\/#\/schema\/logo\/image\/","url":"https:\/\/www.agencijaspin.si\/wp-content\/uploads\/2023\/08\/logo_spin.png","contentUrl":"https:\/\/www.agencijaspin.si\/wp-content\/uploads\/2023\/08\/logo_spin.png","width":171,"height":62,"caption":"Agencija Spin"},"image":{"@id":"https:\/\/www.agencijaspin.si\/#\/schema\/logo\/image\/"},"sameAs":["https:\/\/www.facebook.com\/spinagencija"]}]}},"jetpack_sharing_enabled":true,"_links":{"self":[{"href":"https:\/\/www.agencijaspin.si\/hr\/wp-json\/wp\/v2\/pages\/7845","targetHints":{"allow":["GET"]}}],"collection":[{"href":"https:\/\/www.agencijaspin.si\/hr\/wp-json\/wp\/v2\/pages"}],"about":[{"href":"https:\/\/www.agencijaspin.si\/hr\/wp-json\/wp\/v2\/types\/page"}],"author":[{"embeddable":true,"href":"https:\/\/www.agencijaspin.si\/hr\/wp-json\/wp\/v2\/users\/5"}],"replies":[{"embeddable":true,"href":"https:\/\/www.agencijaspin.si\/hr\/wp-json\/wp\/v2\/comments?post=7845"}],"version-history":[{"count":1,"href":"https:\/\/www.agencijaspin.si\/hr\/wp-json\/wp\/v2\/pages\/7845\/revisions"}],"predecessor-version":[{"id":7846,"href":"https:\/\/www.agencijaspin.si\/hr\/wp-json\/wp\/v2\/pages\/7845\/revisions\/7846"}],"wp:attachment":[{"href":"https:\/\/www.agencijaspin.si\/hr\/wp-json\/wp\/v2\/media?parent=7845"}],"curies":[{"name":"wp","href":"https:\/\/api.w.org\/{rel}","templated":true}]}}